{"id":6,"date":"2024-05-30T16:47:32","date_gmt":"2024-05-30T16:47:32","guid":{"rendered":"http:\/\/moycullen.net\/ip\/?page_id=6"},"modified":"2025-06-27T18:28:01","modified_gmt":"2025-06-27T18:28:01","slug":"ionad-pobail","status":"publish","type":"page","link":"https:\/\/maighcuilinn.net\/ip\/","title":{"rendered":"Baile \/ Home"},"content":{"rendered":"\n<div style=\"height:50px\" aria-hidden=\"true\" class=\"wp-block-spacer\"><\/div>\n\n\n\n<p class=\"has-text-align-center\"><em><strong>T\u00e1 cead plean\u00e1la ioml\u00e1n faighte ag Fobairt Pobail Mhaigh Cuillinn<\/strong> chun ionad fiontair pobail ilfheidhmeach at\u00e1 t\u00edosach ar fhuinneamh a th\u00f3g\u00e1il. Cuirfidh s\u00e9 an cumas ar f\u00e1il do ghr\u00fapa\u00ed gn\u00edomha\u00edochta pobail, do sheirbh\u00eds\u00ed sp\u00f3irt, gn\u00f3, leighis agus rialtais.<\/em><\/p>\n\n\n\n<hr class=\"wp-block-separator has-alpha-channel-opacity is-style-dots\"\/>\n\n\n\n<p class=\"has-text-align-center\"><br><strong>Fobairt Pobail Maigh Cuillinn<\/strong> has secured full planning permission to build an energy-efficient, multi-function community venture centre. It shall provide the capacity for community activity groups, sports, business, medical and government services.<\/p>\n\n\n\n<div style=\"height:100px\" aria-hidden=\"true\" class=\"wp-block-spacer\"><\/div>\n\n\n\n<div style=\"display: flex; justify-content: center;\"><a href=\"https:\/\/maighcuilinn.net\/ip\/donate\" class=\"button-68\">Deonaigh &#8211; Donate<\/a><\/div>\n\n\n\n<div style=\"height:100px\" aria-hidden=\"true\" class=\"wp-block-spacer\"><\/div>\n\n\n\n<h2 class=\"wp-block-heading has-text-align-center\"><em>Cur S\u00edos ar an Ionad Pobail Nua<\/em><br>Overview of the new Community Centre<\/h2>\n\n\n<div class=\"wp-block-image\">\n<figure class=\"aligncenter size-full\"><img data-dominant-color=\"9aa5ad\" data-has-transparency=\"false\" style=\"--dominant-color: #9aa5ad;\" decoding=\"async\" width=\"1008\" height=\"1495\" src=\"https:\/\/maighcuilinn.net\/ip\/wp-content\/uploads\/2025\/06\/Slide1-1.webp\" alt=\"\" class=\"wp-image-516 not-transparent\" srcset=\"https:\/\/maighcuilinn.net\/ip\/wp-content\/uploads\/2025\/06\/Slide1-1.webp 1008w, https:\/\/maighcuilinn.net\/ip\/wp-content\/uploads\/2025\/06\/Slide1-1-202x300.webp 202w, https:\/\/maighcuilinn.net\/ip\/wp-content\/uploads\/2025\/06\/Slide1-1-690x1024.webp 690w, https:\/\/maighcuilinn.net\/ip\/wp-content\/uploads\/2025\/06\/Slide1-1-768x1139.webp 768w\" sizes=\"(max-width: 1008px) 100vw, 1008px\" \/><\/figure>\n<\/div>\n\n<div class=\"wp-block-image\">\n<figure class=\"aligncenter size-full\"><img data-dominant-color=\"d2c592\" data-has-transparency=\"false\" style=\"--dominant-color: #d2c592;\" decoding=\"async\" width=\"1008\" height=\"1495\" src=\"https:\/\/maighcuilinn.net\/ip\/wp-content\/uploads\/2025\/06\/Slide2.webp\" alt=\"\" class=\"wp-image-440 not-transparent\" srcset=\"https:\/\/maighcuilinn.net\/ip\/wp-content\/uploads\/2025\/06\/Slide2.webp 1008w, https:\/\/maighcuilinn.net\/ip\/wp-content\/uploads\/2025\/06\/Slide2-202x300.webp 202w, https:\/\/maighcuilinn.net\/ip\/wp-content\/uploads\/2025\/06\/Slide2-690x1024.webp 690w, https:\/\/maighcuilinn.net\/ip\/wp-content\/uploads\/2025\/06\/Slide2-768x1139.webp 768w\" sizes=\"(max-width: 1008px) 100vw, 1008px\" \/><\/figure>\n<\/div>\n\n<div class=\"wp-block-image\">\n<figure class=\"aligncenter size-full\"><img data-dominant-color=\"f0dc98\" data-has-transparency=\"false\" style=\"--dominant-color: #f0dc98;\" decoding=\"async\" width=\"1008\" height=\"1495\" src=\"https:\/\/maighcuilinn.net\/ip\/wp-content\/uploads\/2025\/06\/Slide3.webp\" alt=\"\" class=\"wp-image-441 not-transparent\" srcset=\"https:\/\/maighcuilinn.net\/ip\/wp-content\/uploads\/2025\/06\/Slide3.webp 1008w, https:\/\/maighcuilinn.net\/ip\/wp-content\/uploads\/2025\/06\/Slide3-202x300.webp 202w, https:\/\/maighcuilinn.net\/ip\/wp-content\/uploads\/2025\/06\/Slide3-690x1024.webp 690w, https:\/\/maighcuilinn.net\/ip\/wp-content\/uploads\/2025\/06\/Slide3-768x1139.webp 768w\" sizes=\"(max-width: 1008px) 100vw, 1008px\" \/><\/figure>\n<\/div>\n\n<div class=\"wp-block-image\">\n<figure class=\"aligncenter size-full\"><img data-dominant-color=\"ead89a\" data-has-transparency=\"false\" style=\"--dominant-color: #ead89a;\" decoding=\"async\" width=\"1008\" height=\"1495\" src=\"https:\/\/maighcuilinn.net\/ip\/wp-content\/uploads\/2025\/06\/Slide4.webp\" alt=\"\" class=\"wp-image-442 not-transparent\" srcset=\"https:\/\/maighcuilinn.net\/ip\/wp-content\/uploads\/2025\/06\/Slide4.webp 1008w, https:\/\/maighcuilinn.net\/ip\/wp-content\/uploads\/2025\/06\/Slide4-202x300.webp 202w, https:\/\/maighcuilinn.net\/ip\/wp-content\/uploads\/2025\/06\/Slide4-690x1024.webp 690w, https:\/\/maighcuilinn.net\/ip\/wp-content\/uploads\/2025\/06\/Slide4-768x1139.webp 768w\" sizes=\"(max-width: 1008px) 100vw, 1008px\" \/><\/figure>\n<\/div>\n\n<div class=\"wp-block-image\">\n<figure class=\"aligncenter size-full\"><img data-dominant-color=\"ebd898\" data-has-transparency=\"false\" style=\"--dominant-color: #ebd898;\" decoding=\"async\" width=\"1008\" height=\"1495\" src=\"https:\/\/maighcuilinn.net\/ip\/wp-content\/uploads\/2025\/06\/Slide5.webp\" alt=\"\" class=\"wp-image-443 not-transparent\" srcset=\"https:\/\/maighcuilinn.net\/ip\/wp-content\/uploads\/2025\/06\/Slide5.webp 1008w, https:\/\/maighcuilinn.net\/ip\/wp-content\/uploads\/2025\/06\/Slide5-202x300.webp 202w, https:\/\/maighcuilinn.net\/ip\/wp-content\/uploads\/2025\/06\/Slide5-690x1024.webp 690w, https:\/\/maighcuilinn.net\/ip\/wp-content\/uploads\/2025\/06\/Slide5-768x1139.webp 768w\" sizes=\"(max-width: 1008px) 100vw, 1008px\" \/><\/figure>\n<\/div>\n\n<div class=\"wp-block-image\">\n<figure class=\"aligncenter size-full\"><img data-dominant-color=\"edd997\" data-has-transparency=\"false\" style=\"--dominant-color: #edd997;\" decoding=\"async\" width=\"1008\" height=\"1495\" src=\"https:\/\/maighcuilinn.net\/ip\/wp-content\/uploads\/2025\/06\/Slide6.webp\" alt=\"\" class=\"wp-image-444 not-transparent\" srcset=\"https:\/\/maighcuilinn.net\/ip\/wp-content\/uploads\/2025\/06\/Slide6.webp 1008w, https:\/\/maighcuilinn.net\/ip\/wp-content\/uploads\/2025\/06\/Slide6-202x300.webp 202w, https:\/\/maighcuilinn.net\/ip\/wp-content\/uploads\/2025\/06\/Slide6-690x1024.webp 690w, https:\/\/maighcuilinn.net\/ip\/wp-content\/uploads\/2025\/06\/Slide6-768x1139.webp 768w\" sizes=\"(max-width: 1008px) 100vw, 1008px\" \/><\/figure>\n<\/div>\n\n<div class=\"wp-block-image\">\n<figure class=\"aligncenter size-full\"><img data-dominant-color=\"f0dc9a\" data-has-transparency=\"false\" style=\"--dominant-color: #f0dc9a;\" decoding=\"async\" width=\"1008\" height=\"1495\" src=\"https:\/\/maighcuilinn.net\/ip\/wp-content\/uploads\/2025\/06\/Slide7.webp\" alt=\"\" class=\"wp-image-445 not-transparent\" srcset=\"https:\/\/maighcuilinn.net\/ip\/wp-content\/uploads\/2025\/06\/Slide7.webp 1008w, https:\/\/maighcuilinn.net\/ip\/wp-content\/uploads\/2025\/06\/Slide7-202x300.webp 202w, https:\/\/maighcuilinn.net\/ip\/wp-content\/uploads\/2025\/06\/Slide7-690x1024.webp 690w, https:\/\/maighcuilinn.net\/ip\/wp-content\/uploads\/2025\/06\/Slide7-768x1139.webp 768w\" sizes=\"(max-width: 1008px) 100vw, 1008px\" \/><\/figure>\n<\/div>\n\n<div class=\"wp-block-image\">\n<figure class=\"aligncenter size-full\"><img data-dominant-color=\"a39f89\" data-has-transparency=\"false\" style=\"--dominant-color: #a39f89;\" decoding=\"async\" width=\"1008\" height=\"1495\" src=\"https:\/\/maighcuilinn.net\/ip\/wp-content\/uploads\/2025\/06\/Slide8.webp\" alt=\"\" class=\"wp-image-446 not-transparent\" srcset=\"https:\/\/maighcuilinn.net\/ip\/wp-content\/uploads\/2025\/06\/Slide8.webp 1008w, https:\/\/maighcuilinn.net\/ip\/wp-content\/uploads\/2025\/06\/Slide8-202x300.webp 202w, https:\/\/maighcuilinn.net\/ip\/wp-content\/uploads\/2025\/06\/Slide8-690x1024.webp 690w, https:\/\/maighcuilinn.net\/ip\/wp-content\/uploads\/2025\/06\/Slide8-768x1139.webp 768w\" sizes=\"(max-width: 1008px) 100vw, 1008px\" \/><\/figure>\n<\/div>\n\n<div class=\"wp-block-image\">\n<figure class=\"aligncenter size-full\"><img data-dominant-color=\"9a9483\" data-has-transparency=\"false\" style=\"--dominant-color: #9a9483;\" decoding=\"async\" width=\"1008\" height=\"1495\" src=\"https:\/\/maighcuilinn.net\/ip\/wp-content\/uploads\/2025\/06\/Slide9.webp\" alt=\"\" class=\"wp-image-447 not-transparent\" srcset=\"https:\/\/maighcuilinn.net\/ip\/wp-content\/uploads\/2025\/06\/Slide9.webp 1008w, https:\/\/maighcuilinn.net\/ip\/wp-content\/uploads\/2025\/06\/Slide9-202x300.webp 202w, https:\/\/maighcuilinn.net\/ip\/wp-content\/uploads\/2025\/06\/Slide9-690x1024.webp 690w, https:\/\/maighcuilinn.net\/ip\/wp-content\/uploads\/2025\/06\/Slide9-768x1139.webp 768w\" sizes=\"(max-width: 1008px) 100vw, 1008px\" \/><\/figure>\n<\/div>\n\n<div class=\"wp-block-image\">\n<figure class=\"aligncenter size-full\"><img data-dominant-color=\"eff0f3\" data-has-transparency=\"false\" style=\"--dominant-color: #eff0f3;\" decoding=\"async\" width=\"1008\" height=\"1495\" src=\"https:\/\/maighcuilinn.net\/ip\/wp-content\/uploads\/2025\/06\/Slide10.webp\" alt=\"\" class=\"wp-image-448 not-transparent\" srcset=\"https:\/\/maighcuilinn.net\/ip\/wp-content\/uploads\/2025\/06\/Slide10.webp 1008w, https:\/\/maighcuilinn.net\/ip\/wp-content\/uploads\/2025\/06\/Slide10-202x300.webp 202w, https:\/\/maighcuilinn.net\/ip\/wp-content\/uploads\/2025\/06\/Slide10-690x1024.webp 690w, https:\/\/maighcuilinn.net\/ip\/wp-content\/uploads\/2025\/06\/Slide10-768x1139.webp 768w\" sizes=\"(max-width: 1008px) 100vw, 1008px\" \/><\/figure>\n<\/div>\n\n<div class=\"wp-block-image\">\n<figure class=\"aligncenter size-full\"><img data-dominant-color=\"d0cf90\" data-has-transparency=\"false\" style=\"--dominant-color: #d0cf90;\" decoding=\"async\" width=\"1008\" height=\"1495\" src=\"https:\/\/maighcuilinn.net\/ip\/wp-content\/uploads\/2025\/06\/Slide11.webp\" alt=\"\" class=\"wp-image-449 not-transparent\" srcset=\"https:\/\/maighcuilinn.net\/ip\/wp-content\/uploads\/2025\/06\/Slide11.webp 1008w, https:\/\/maighcuilinn.net\/ip\/wp-content\/uploads\/2025\/06\/Slide11-202x300.webp 202w, https:\/\/maighcuilinn.net\/ip\/wp-content\/uploads\/2025\/06\/Slide11-690x1024.webp 690w, https:\/\/maighcuilinn.net\/ip\/wp-content\/uploads\/2025\/06\/Slide11-768x1139.webp 768w\" sizes=\"(max-width: 1008px) 100vw, 1008px\" \/><\/figure>\n<\/div>\n\n<div class=\"wp-block-image\">\n<figure class=\"aligncenter size-full\"><img data-dominant-color=\"ecd998\" data-has-transparency=\"false\" style=\"--dominant-color: #ecd998;\" decoding=\"async\" width=\"1008\" height=\"1495\" src=\"https:\/\/maighcuilinn.net\/ip\/wp-content\/uploads\/2025\/06\/Slide12.webp\" alt=\"\" class=\"wp-image-450 not-transparent\" srcset=\"https:\/\/maighcuilinn.net\/ip\/wp-content\/uploads\/2025\/06\/Slide12.webp 1008w, https:\/\/maighcuilinn.net\/ip\/wp-content\/uploads\/2025\/06\/Slide12-202x300.webp 202w, https:\/\/maighcuilinn.net\/ip\/wp-content\/uploads\/2025\/06\/Slide12-690x1024.webp 690w, https:\/\/maighcuilinn.net\/ip\/wp-content\/uploads\/2025\/06\/Slide12-768x1139.webp 768w\" sizes=\"(max-width: 1008px) 100vw, 1008px\" \/><\/figure>\n<\/div>\n\n<div class=\"wp-block-image\">\n<figure class=\"aligncenter size-full\"><img data-dominant-color=\"f1dd9a\" data-has-transparency=\"false\" style=\"--dominant-color: #f1dd9a;\" decoding=\"async\" width=\"1008\" height=\"1495\" src=\"https:\/\/maighcuilinn.net\/ip\/wp-content\/uploads\/2025\/06\/Slide13.webp\" alt=\"\" class=\"wp-image-451 not-transparent\" srcset=\"https:\/\/maighcuilinn.net\/ip\/wp-content\/uploads\/2025\/06\/Slide13.webp 1008w, https:\/\/maighcuilinn.net\/ip\/wp-content\/uploads\/2025\/06\/Slide13-202x300.webp 202w, https:\/\/maighcuilinn.net\/ip\/wp-content\/uploads\/2025\/06\/Slide13-690x1024.webp 690w, https:\/\/maighcuilinn.net\/ip\/wp-content\/uploads\/2025\/06\/Slide13-768x1139.webp 768w\" sizes=\"(max-width: 1008px) 100vw, 1008px\" \/><\/figure>\n<\/div>\n\n<div class=\"wp-block-image\">\n<figure class=\"aligncenter size-full\"><img data-dominant-color=\"ecd99a\" data-has-transparency=\"false\" style=\"--dominant-color: #ecd99a;\" decoding=\"async\" width=\"1008\" height=\"1495\" src=\"https:\/\/maighcuilinn.net\/ip\/wp-content\/uploads\/2025\/06\/Slide14.webp\" alt=\"\" class=\"wp-image-452 not-transparent\" srcset=\"https:\/\/maighcuilinn.net\/ip\/wp-content\/uploads\/2025\/06\/Slide14.webp 1008w, https:\/\/maighcuilinn.net\/ip\/wp-content\/uploads\/2025\/06\/Slide14-202x300.webp 202w, https:\/\/maighcuilinn.net\/ip\/wp-content\/uploads\/2025\/06\/Slide14-690x1024.webp 690w, https:\/\/maighcuilinn.net\/ip\/wp-content\/uploads\/2025\/06\/Slide14-768x1139.webp 768w\" sizes=\"(max-width: 1008px) 100vw, 1008px\" \/><\/figure>\n<\/div>\n\n<div class=\"wp-block-image\">\n<figure class=\"aligncenter size-full\"><img data-dominant-color=\"edd998\" data-has-transparency=\"false\" style=\"--dominant-color: #edd998;\" decoding=\"async\" width=\"1008\" height=\"1495\" src=\"https:\/\/maighcuilinn.net\/ip\/wp-content\/uploads\/2025\/06\/Slide15.webp\" alt=\"\" class=\"wp-image-453 not-transparent\" srcset=\"https:\/\/maighcuilinn.net\/ip\/wp-content\/uploads\/2025\/06\/Slide15.webp 1008w, https:\/\/maighcuilinn.net\/ip\/wp-content\/uploads\/2025\/06\/Slide15-202x300.webp 202w, https:\/\/maighcuilinn.net\/ip\/wp-content\/uploads\/2025\/06\/Slide15-690x1024.webp 690w, https:\/\/maighcuilinn.net\/ip\/wp-content\/uploads\/2025\/06\/Slide15-768x1139.webp 768w\" sizes=\"(max-width: 1008px) 100vw, 1008px\" \/><\/figure>\n<\/div>\n\n<div class=\"wp-block-image\">\n<figure class=\"aligncenter size-full\"><img data-dominant-color=\"f3de9b\" data-has-transparency=\"false\" style=\"--dominant-color: #f3de9b;\" decoding=\"async\" width=\"1008\" height=\"1495\" src=\"https:\/\/maighcuilinn.net\/ip\/wp-content\/uploads\/2025\/06\/Slide16.webp\" alt=\"\" class=\"wp-image-454 not-transparent\" srcset=\"https:\/\/maighcuilinn.net\/ip\/wp-content\/uploads\/2025\/06\/Slide16.webp 1008w, https:\/\/maighcuilinn.net\/ip\/wp-content\/uploads\/2025\/06\/Slide16-202x300.webp 202w, https:\/\/maighcuilinn.net\/ip\/wp-content\/uploads\/2025\/06\/Slide16-690x1024.webp 690w, https:\/\/maighcuilinn.net\/ip\/wp-content\/uploads\/2025\/06\/Slide16-768x1139.webp 768w\" sizes=\"(max-width: 1008px) 100vw, 1008px\" \/><\/figure>\n<\/div>\n\n<div class=\"wp-block-image\">\n<figure class=\"aligncenter size-full\"><img data-dominant-color=\"959792\" data-has-transparency=\"false\" style=\"--dominant-color: #959792;\" decoding=\"async\" width=\"1008\" height=\"1495\" src=\"https:\/\/maighcuilinn.net\/ip\/wp-content\/uploads\/2025\/06\/Slide17.webp\" alt=\"\" class=\"wp-image-455 not-transparent\" srcset=\"https:\/\/maighcuilinn.net\/ip\/wp-content\/uploads\/2025\/06\/Slide17.webp 1008w, https:\/\/maighcuilinn.net\/ip\/wp-content\/uploads\/2025\/06\/Slide17-202x300.webp 202w, https:\/\/maighcuilinn.net\/ip\/wp-content\/uploads\/2025\/06\/Slide17-690x1024.webp 690w, https:\/\/maighcuilinn.net\/ip\/wp-content\/uploads\/2025\/06\/Slide17-768x1139.webp 768w\" sizes=\"(max-width: 1008px) 100vw, 1008px\" \/><\/figure>\n<\/div>\n\n\n<div style=\"height:100px\" aria-hidden=\"true\" class=\"wp-block-spacer\"><\/div>\n\n\n\n<div style=\"display: flex; justify-content: center;\"><a href=\"https:\/\/maighcuilinn.net\/ip\/donate\" class=\"button-68\">Deonaigh &#8211; Donate<\/a><\/div>\n\n\n\n<div style=\"height:100px\" aria-hidden=\"true\" class=\"wp-block-spacer\"><\/div>\n\n\n\n<div class=\"wp-block-columns has-background is-layout-flex wp-container-core-columns-is-layout-9d6595d7 wp-block-columns-is-layout-flex\" style=\"background-color:#e8f9f6\">\n<div class=\"wp-block-column is-layout-flow wp-block-column-is-layout-flow\">\n<p class=\"has-text-align-center\"><strong><em>Nuacht faoin Ionad Pobail<\/em><\/strong><br><strong>Community Centre Updates<\/strong><\/p>\n\n\n\n<p><em>Is f\u00e9idir nuacht faoin t\u00f3gra Ionad Pobail a fh\u00e1il ar r\u00edomhphost n\u00f3 f\u00f3n leis an foirm anseo.<\/em><\/p>\n\n\n\n<p><em>Tr\u00ed sonra\u00ed a chuir anseo t\u00e1 t\u00fa ag glac\u00fa nuacht faoin Ionad Pobail a fh\u00e1il tr\u00ed r\u00edomhphost n\u00f3 f\u00f3n. Is f\u00e9idir leat d\u00edliost\u00e1il tr\u00ed chlice\u00e1il ar dh\u00edliost\u00e1il ag bun \u00e1r r\u00edomhphoist n\u00f3 tr\u00ed theagmh\u00e1il a dh\u00e9anamh le info@maighcuilinn.net.<\/em><\/p>\n\n\n\n<hr class=\"wp-block-separator has-alpha-channel-opacity is-style-dots\"\/>\n\n\n\n<p>Get notified by email about updates to the new community centre project.<\/p>\n\n\n\n<p><em>By subscribing, you agree to receive email or Whatsapp updates about the new community centre project. You can unsubscribe by clicking unsubscribe at the bottom of our emails or contacting info@maighcuilinn.net.<\/em><\/p>\n\n\n\n<div style=\"height:70px\" aria-hidden=\"true\" class=\"wp-block-spacer\"><\/div>\n\n\n<div class=\"wp-block-image\">\n<figure class=\"aligncenter size-full is-resized\"><img decoding=\"async\" width=\"792\" height=\"792\" src=\"https:\/\/maighcuilinn.net\/ip\/wp-content\/uploads\/2024\/10\/logo_transparent_cropped.png\" alt=\"\" class=\"wp-image-108\" style=\"width:127px;height:auto\" srcset=\"https:\/\/maighcuilinn.net\/ip\/wp-content\/uploads\/2024\/10\/logo_transparent_cropped.png 792w, https:\/\/maighcuilinn.net\/ip\/wp-content\/uploads\/2024\/10\/logo_transparent_cropped-300x300.png 300w, https:\/\/maighcuilinn.net\/ip\/wp-content\/uploads\/2024\/10\/logo_transparent_cropped-150x150.png 150w, https:\/\/maighcuilinn.net\/ip\/wp-content\/uploads\/2024\/10\/logo_transparent_cropped-768x768.png 768w\" sizes=\"(max-width: 792px) 100vw, 792px\" \/><\/figure>\n<\/div><\/div>\n\n\n\n<div class=\"wp-block-column is-layout-flow wp-block-column-is-layout-flow\"><div class=\"forminator-ui forminator-custom-form forminator-custom-form-23 forminator-design--material  forminator_ajax\" data-forminator-render=\"0\" data-form=\"forminator-module-23\" data-uid=\"69f864b0bc4eb\"><br\/><\/div><form\n\t\t\t\tid=\"forminator-module-23\"\n\t\t\t\tclass=\"forminator-ui forminator-custom-form forminator-custom-form-23 forminator-design--material  forminator_ajax\"\n\t\t\t\tmethod=\"post\"\n\t\t\t\tdata-forminator-render=\"0\"\n\t\t\t\tdata-form-id=\"23\"\n\t\t\t\t data-color-option=\"default\" data-design=\"material\" data-grid=\"open\" style=\"display: none;\"\n\t\t\t\tdata-uid=\"69f864b0bc4eb\"\n\t\t\t><div role=\"alert\" aria-live=\"polite\" class=\"forminator-response-message forminator-error\" aria-hidden=\"true\"><\/div><div class=\"forminator-row\"><div id=\"name-1\" class=\"forminator-field-name forminator-col forminator-col-12 \"><div class=\"forminator-field\"><label for=\"forminator-field-name-1_69f864b0bc4eb\" id=\"forminator-field-name-1_69f864b0bc4eb-label\" class=\"forminator-label\">Ainm - Name <span class=\"forminator-required\">*<\/span><\/label><input type=\"text\" name=\"name-1\" value=\"\" placeholder=\"E.g. John\" id=\"forminator-field-name-1_69f864b0bc4eb\" class=\"forminator-input forminator-name--field\" aria-required=\"true\" autocomplete=\"name\" \/><\/div><\/div><\/div><div class=\"forminator-row\"><div id=\"email-1\" class=\"forminator-field-email forminator-col forminator-col-12 \"><div class=\"forminator-field\"><label for=\"forminator-field-email-1_69f864b0bc4eb\" id=\"forminator-field-email-1_69f864b0bc4eb-label\" class=\"forminator-label\">R\u00edomhphost - Email Address <span class=\"forminator-required\">*<\/span><\/label><input type=\"email\" name=\"email-1\" value=\"\" placeholder=\"E.g. john@doe.com\" id=\"forminator-field-email-1_69f864b0bc4eb\" class=\"forminator-input forminator-email--field\" data-required=\"true\" aria-required=\"true\" autocomplete=\"email\" \/><\/div><\/div><\/div><div class=\"forminator-row\"><div id=\"phone-1\" class=\"forminator-field-phone forminator-col forminator-col-12 \"><div class=\"forminator-field\"><label for=\"forminator-field-phone-1_69f864b0bc4eb\" id=\"forminator-field-phone-1_69f864b0bc4eb-label\" class=\"forminator-label\">F\u00f3n - Phone<\/label><input type=\"text\" name=\"phone-1\" value=\"\" placeholder=\"E.g. +1 300 400 5000\" id=\"forminator-field-phone-1_69f864b0bc4eb\" class=\"forminator-input forminator-field--phone\" data-required=\"\" aria-required=\"false\" autocomplete=\"off\" \/><\/div><\/div><\/div><div class=\"forminator-row\"><div id=\"consent-1\" class=\"forminator-field-consent forminator-col forminator-col-12 \"><div class=\"forminator-field\"><label for=\"forminator-field-consent-1_69f864b0bc4eb\" id=\"forminator-field-consent-1_69f864b0bc4eb-label\" class=\"forminator-label\">Toili\u00fa eolas - GDPR <span class=\"forminator-required\">*<\/span><\/label><div class=\"forminator-checkbox__wrapper\"><label id=\"forminator-field-consent-1_69f864b0bc4eb__label\" class=\"forminator-checkbox forminator-consent\"><input type=\"checkbox\" name=\"consent-1\" id=\"forminator-field-consent-1_69f864b0bc4eb\" value=\"checked\" aria-labelledby=\"forminator-field-consent-1_69f864b0bc4eb-label\" aria-describedby=\"forminator-field-consent-1_69f864b0bc4eb__description\" data-required=\"true\" aria-required=\"true\" \/><span class=\"forminator-checkbox-box\" aria-hidden=\"true\"><\/span><\/label><div id=\"forminator-field-consent-1_69f864b0bc4eb__description\" class=\"forminator-checkbox__label forminator-consent__label\"><p>An aonta\u00edonn t\u00fa r\u00edomhphost a fh\u00e1il maidir leis an ionad pobail?<\/p>\n<p>Agree to receive email regarding community centre?<\/p><\/div><\/div><\/div><\/div><\/div><input type=\"hidden\" name=\"referer_url\" value=\"\" \/><div class=\"forminator-row forminator-row-last\"><div class=\"forminator-col\"><div class=\"forminator-field\"><button class=\"forminator-button forminator-button-submit\"><span>Cl&aacute;raigh - Register<\/span><span aria-hidden=\"true\"><\/span><\/button><\/div><\/div><\/div><input type=\"hidden\" id=\"forminator_nonce\" name=\"forminator_nonce\" value=\"867d6a4394\" \/><input type=\"hidden\" name=\"_wp_http_referer\" value=\"\/ip\/wp-json\/wp\/v2\/pages\/6\" \/><input type=\"hidden\" name=\"form_id\" value=\"23\"><input type=\"hidden\" name=\"page_id\" value=\"6\"><input type=\"hidden\" name=\"form_type\" value=\"default\"><input type=\"hidden\" name=\"current_url\" value=\"https:\/\/maighcuilinn.net\/ip\/\"><input type=\"hidden\" name=\"render_id\" value=\"0\"><input type=\"hidden\" name=\"action\" value=\"forminator_submit_form_custom-forms\"><\/form>\n<\/div>\n<\/div>\n\n\n\n<div style=\"height:100px\" aria-hidden=\"true\" class=\"wp-block-spacer\"><\/div>\n\n\n\n<div style=\"height:100px\" aria-hidden=\"true\" class=\"wp-block-spacer\"><\/div>\n\n\n\n<h2 class=\"wp-block-heading has-text-align-center\">F\u00edse\u00e1n faoin Ionad Pobail as Gaeilge<\/h2>\n\n\n\n<figure class=\"wp-block-embed is-type-video is-provider-youtube wp-block-embed-youtube wp-embed-aspect-16-9 wp-has-aspect-ratio\"><div class=\"wp-block-embed__wrapper\">\n<iframe title=\"Ionad Pobail Mhaigh Cuilinn\" width=\"500\" height=\"281\" src=\"https:\/\/www.youtube.com\/embed\/58VdeVcIS6A?feature=oembed\" frameborder=\"0\" allow=\"accelerometer; autoplay; clipboard-write; encrypted-media; gyroscope; picture-in-picture; web-share\" referrerpolicy=\"strict-origin-when-cross-origin\" allowfullscreen><\/iframe>\n<\/div><\/figure>\n\n\n\n<h2 class=\"wp-block-heading has-text-align-center\">Video about the Community Centre<\/h2>\n\n\n\n<figure class=\"wp-block-embed is-type-video is-provider-youtube wp-block-embed-youtube wp-embed-aspect-16-9 wp-has-aspect-ratio\"><div class=\"wp-block-embed__wrapper\">\n<iframe title=\"Maigh Cuillinn Community Centre Development\" width=\"500\" height=\"281\" src=\"https:\/\/www.youtube.com\/embed\/lgaw1XZg6rI?feature=oembed\" frameborder=\"0\" allow=\"accelerometer; autoplay; clipboard-write; encrypted-media; gyroscope; picture-in-picture; web-share\" referrerpolicy=\"strict-origin-when-cross-origin\" allowfullscreen><\/iframe>\n<\/div><\/figure>\n\n\n\n<p><\/p>\n","protected":false},"excerpt":{"rendered":"<p>T\u00e1 cead plean\u00e1la ioml\u00e1n faighte ag Fobairt Pobail Mhaigh Cuillinn chun ionad fiontair pobail ilfheidhmeach at\u00e1 t\u00edosach ar fhuinneamh a th\u00f3g\u00e1il. Cuirfidh s\u00e9 an cumas ar f\u00e1il do ghr\u00fapa\u00ed gn\u00edomha\u00edochta pobail, do sheirbh\u00eds\u00ed sp\u00f3irt, gn\u00f3, leighis agus rialtais. Fobairt Pobail Maigh Cuillinn has secured full planning permission to build an energy-efficient, multi-function community venture centre. [&hellip;]<\/p>\n","protected":false},"author":2,"featured_media":0,"parent":0,"menu_order":0,"comment_status":"closed","ping_status":"closed","template":"","meta":{"footnotes":""},"class_list":["post-6","page","type-page","status-publish","hentry"],"_links":{"self":[{"href":"https:\/\/maighcuilinn.net\/ip\/wp-json\/wp\/v2\/pages\/6","targetHints":{"allow":["GET"]}}],"collection":[{"href":"https:\/\/maighcuilinn.net\/ip\/wp-json\/wp\/v2\/pages"}],"about":[{"href":"https:\/\/maighcuilinn.net\/ip\/wp-json\/wp\/v2\/types\/page"}],"author":[{"embeddable":true,"href":"https:\/\/maighcuilinn.net\/ip\/wp-json\/wp\/v2\/users\/2"}],"replies":[{"embeddable":true,"href":"https:\/\/maighcuilinn.net\/ip\/wp-json\/wp\/v2\/comments?post=6"}],"version-history":[{"count":45,"href":"https:\/\/maighcuilinn.net\/ip\/wp-json\/wp\/v2\/pages\/6\/revisions"}],"predecessor-version":[{"id":518,"href":"https:\/\/maighcuilinn.net\/ip\/wp-json\/wp\/v2\/pages\/6\/revisions\/518"}],"wp:attachment":[{"href":"https:\/\/maighcuilinn.net\/ip\/wp-json\/wp\/v2\/media?parent=6"}],"curies":[{"name":"wp","href":"https:\/\/api.w.org\/{rel}","templated":true}]}}