{"id":365,"date":"2025-01-15T19:36:45","date_gmt":"2025-01-15T19:36:45","guid":{"rendered":"https:\/\/maighcuilinn.net\/ip\/?page_id=365"},"modified":"2026-01-28T20:02:03","modified_gmt":"2026-01-28T20:02:03","slug":"donate","status":"publish","type":"page","link":"https:\/\/maighcuilinn.net\/ip\/donate\/","title":{"rendered":"Donate"},"content":{"rendered":"\n<h2 class=\"wp-block-heading has-text-align-center\">Conas de\u00f3nach\u00e1n a dh\u00e9anamh &#8211; How to donate<\/h2>\n\n\n\n<div style=\"height:50px\" aria-hidden=\"true\" class=\"wp-block-spacer\"><\/div>\n\n\n\n<p class=\"has-text-align-center\"><em>T\u00e1 muid f\u00edorbhu\u00edoch as aon rann\u00edoca\u00edocht, is cuma c\u00e9 mh\u00e9id. Le bhur dtoil tabhair faoi deara go mbeidh rann\u00edoca\u00edochta\u00ed de \u20ac250 n\u00f3 n\u00edos m\u00f3 c\u00e1ilithe don Sc\u00e9im C\u00e1nach. Ritheann an bhliain c\u00e1nach \u00f3 Eanair go Nollag.<\/em><\/p>\n\n\n\n<p class=\"has-text-align-center\"><em>T\u00e1 roinnt rogha chun rann\u00edoca\u00edocht a dh\u00e9anamh. Is f\u00e9idir leat rann\u00edoca\u00edocht<br>aon-uaire de \u20ac1000, n\u00f3 n\u00edos m\u00f3, a dh\u00e9anamh. Is f\u00e9idir rann\u00edoca\u00edocht a dh\u00e9anamh i rith an bhliain c\u00e1nach, ranna\u00edoca\u00edocht \u20ac500 a dh\u00e9anamh thar tr\u00e9imhse dh\u00e1 bliana, rann\u00edoca\u00edocht bliainti\u00fail de \u20ac250 a dh\u00e9anamh, n\u00f3 rann\u00edoca\u00edocht m\u00edos\u00fail de \u20ac21 thar tr\u00e9imhse 4 bliana a dh\u00e9anamh. Is f\u00e9idir rann\u00edoca\u00edocht a dh\u00e9anamh tr\u00edd an bainc arl\u00edne, n\u00f3 tr\u00ed aistri\u00fa leictreonach. N\u00f3 is f\u00e9idir ord seasta a shocr\u00fa leis an m\u00e9id agus fhad an rann\u00edoca\u00edoch.<\/em><\/p>\n\n\n\n<hr class=\"wp-block-separator has-alpha-channel-opacity is-style-dots\"\/>\n\n\n\n<p class=\"has-text-align-center\">We appreciate any contributions, regardless of the amount. However, please note that only donations of \u20ac250 or more per year are eligible for the Tax Relief scheme.<br>The Tax Year runs from January to December.<\/p>\n\n\n\n<p class=\"has-text-align-center\">There are several options for making contributions. You can choose to make a one-time contribution of \u20ac1,000 or more, contribute in stages throughout the Tax Year, make an annual contribution of \u20ac500 over a period of 2 years, make an annual contribution of \u20ac250, or opt for a monthly contribution of \u20ac21 over a period of 4 years.<br>To make a payment, you can use your Banking Application or Website to perform an Electronic Fund Transfer. Alternatively, you can set up a Standing Order for the desired amount and duration.<\/p>\n\n\n\n<div style=\"height:70px\" aria-hidden=\"true\" class=\"wp-block-spacer\"><\/div>\n\n\n\n<h2 class=\"wp-block-heading has-text-align-center has-text-color has-link-color wp-elements-f0c867e24ca56bd8622f44f4d0d3b0b7\" style=\"color:#2a6d59\"><em><strong><mark style=\"background-color:rgba(0, 0, 0, 0)\" class=\"has-inline-color has-vivid-green-cyan-color\">Ainm Chuntais \/ Account Name: <\/mark><\/strong><\/em><br>Forbairt Pobail Mhaigh Cuilin Teo<\/h2>\n\n\n\n<div style=\"height:30px\" aria-hidden=\"true\" class=\"wp-block-spacer\"><\/div>\n\n\n\n<h2 class=\"wp-block-heading has-text-align-center has-text-color has-link-color wp-elements-a5b15ad14329e3a4d8159e1371518d57\" style=\"color:#2a6d59\"><em><strong><mark style=\"background-color:rgba(0, 0, 0, 0)\" class=\"has-inline-color has-vivid-green-cyan-color\">IBAN: <\/mark><\/strong><\/em><br>IE61 BOFI 9038 1648 2685 91<\/h2>\n\n\n\n<div style=\"height:50px\" aria-hidden=\"true\" class=\"wp-block-spacer\"><\/div>\n\n\n\n<p class=\"has-text-align-center has-black-color has-text-color has-link-color wp-elements-0efe12efb184ab4a1d0fe9e23246b68c\"><em>Le bhur dtoil cuir <strong>uimhir f\u00f3n<\/strong> leis an bhfoirm l\u00f3iste\u00e1la sa sp\u00e1s n\u00f3ta \/ teachtaireacht. <\/em><br><em>Cuideoidh seo linn an t\u00e9 a aimsi\u00fa. <\/em><br><strong><br><\/strong>Please remember to include your <strong>contact phone number<\/strong>\u00a0in the note \/ message \/ reference when submitting your lodgement.<br>This will help us identify the sender.<br><\/p>\n\n\n\n<div style=\"height:100px\" aria-hidden=\"true\" class=\"wp-block-spacer\"><\/div>\n\n\n\n<p class=\"has-text-align-center\"><em>M\u00e1 t\u00e1 aon ceisteanna, is f\u00e9idir dul i dteagmh\u00e1il le Oifig Pobail Mhaigh Cuilinn ar 091 555626 n\u00f3 tr\u00ed r\u00edomhphoist eolas@maighcuilinn.net.<\/em><\/p>\n\n\n\n<hr class=\"wp-block-separator has-alpha-channel-opacity is-style-dots\"\/>\n\n\n\n<p class=\"has-text-align-center\">If you have any inquiries, you can reach the Maigh Cuilinn Community Office at 091-555626 or email eolas@maighcuilinn.net.<\/p>\n\n\n\n<div style=\"height:90px\" aria-hidden=\"true\" class=\"wp-block-spacer\"><\/div>\n\n\n\n<h3 class=\"wp-block-heading has-text-align-center\">D\u00e9an Teagmh\u00e1il Linn &#8211; Contact Us <\/h3>\n\n\n\n<p class=\"has-text-align-center\">Fobairt Phobail Mhaigh Cuilinn, \u00c1ras Uilinn,<br>Church Road,<br>Maigh Cuilinn,<br>Co. Galway.<br>H91 DHWO<br>Telephone 091 555626<\/p>\n\n\n\n<p class=\"has-text-align-center\"><em>eolas@maighcuilinn.net<\/em><\/p>\n","protected":false},"excerpt":{"rendered":"<p>Conas de\u00f3nach\u00e1n a dh\u00e9anamh &#8211; How to donate T\u00e1 muid f\u00edorbhu\u00edoch as aon rann\u00edoca\u00edocht, is cuma c\u00e9 mh\u00e9id. Le bhur dtoil tabhair faoi deara go mbeidh rann\u00edoca\u00edochta\u00ed de \u20ac250 n\u00f3 n\u00edos m\u00f3 c\u00e1ilithe don Sc\u00e9im C\u00e1nach. Ritheann an bhliain c\u00e1nach \u00f3 Eanair go Nollag. T\u00e1 roinnt rogha chun rann\u00edoca\u00edocht a dh\u00e9anamh. Is f\u00e9idir leat rann\u00edoca\u00edochtaon-uaire [&hellip;]<\/p>\n","protected":false},"author":2,"featured_media":0,"parent":0,"menu_order":0,"comment_status":"closed","ping_status":"closed","template":"","meta":{"footnotes":""},"class_list":["post-365","page","type-page","status-publish","hentry"],"_links":{"self":[{"href":"https:\/\/maighcuilinn.net\/ip\/wp-json\/wp\/v2\/pages\/365","targetHints":{"allow":["GET"]}}],"collection":[{"href":"https:\/\/maighcuilinn.net\/ip\/wp-json\/wp\/v2\/pages"}],"about":[{"href":"https:\/\/maighcuilinn.net\/ip\/wp-json\/wp\/v2\/types\/page"}],"author":[{"embeddable":true,"href":"https:\/\/maighcuilinn.net\/ip\/wp-json\/wp\/v2\/users\/2"}],"replies":[{"embeddable":true,"href":"https:\/\/maighcuilinn.net\/ip\/wp-json\/wp\/v2\/comments?post=365"}],"version-history":[{"count":31,"href":"https:\/\/maighcuilinn.net\/ip\/wp-json\/wp\/v2\/pages\/365\/revisions"}],"predecessor-version":[{"id":547,"href":"https:\/\/maighcuilinn.net\/ip\/wp-json\/wp\/v2\/pages\/365\/revisions\/547"}],"wp:attachment":[{"href":"https:\/\/maighcuilinn.net\/ip\/wp-json\/wp\/v2\/media?parent=365"}],"curies":[{"name":"wp","href":"https:\/\/api.w.org\/{rel}","templated":true}]}}